{"id":10515,"date":"2020-12-14T14:27:43","date_gmt":"2020-12-14T12:27:43","guid":{"rendered":"https:\/\/pamatskola.bauska.lv\/?page_id=10515"},"modified":"2024-09-03T11:03:30","modified_gmt":"2024-09-03T08:03:30","slug":"karjera","status":"publish","type":"page","link":"https:\/\/pamatskola.bauska.lv\/?page_id=10515","title":{"rendered":"Karjera"},"content":{"rendered":"<table class=\" alignleft\" style=\"height: 277px; width: 61.1245%; border-collapse: collapse; border-style: solid; border-color: #315cde; background-color: #e4e6c1;\">\n<tbody>\n<tr style=\"height: 23px;\">\n<td style=\"width: 22.8571%; height: 23px; border-style: groove; border-color: #337ec4; text-align: center;\"><strong style=\"color: #800000; font-family: 'trebuchet ms', geneva, sans-serif; font-size: 18.6667px;\"><a style=\"color: #800000;\" href=\"https:\/\/pamatskola.bauska.lv\/wp-content\/uploads\/2020\/12\/KARJERA-1.pdf\">KAS IR KARJERA ?<\/a><\/strong><\/td>\n<td style=\"width: 22.449%; height: 23px; border-style: groove; border-color: #337ec4; text-align: center;\"><a href=\"https:\/\/pamatskola.bauska.lv\/wp-content\/uploads\/2020\/12\/Konsult\u0101cijas.jpg\" data-rel=\"lightbox-image-0\" data-rl_title=\"\" data-rl_caption=\"\" title=\"\"><strong><span style=\"font-family: 'trebuchet ms', geneva, sans-serif; font-size: 14pt;\">KARJERAS KONSULTANTS SKOL\u0100<\/span><\/strong><\/a><\/td>\n<td style=\"width: 27.3469%; height: 23px; border-style: groove; border-color: #337ec4; text-align: center;\"><a href=\"https:\/\/pamatskola.bauska.lv\/wp-content\/uploads\/2021\/10\/Vecakiem-par-karjeru.pdf\"><span style=\"font-family: 'trebuchet ms', geneva, sans-serif; font-size: 14pt;\"><strong><span style=\"color: #3366ff;\">VEC\u0100KIEM<\/span><\/strong><\/span><\/a><\/td>\n<td style=\"width: 39.7959%; height: 23px; border-style: groove; border-color: #337ec4; text-align: center;\"><span style=\"font-family: 'trebuchet ms', geneva, sans-serif; font-size: 14pt; color: #666699;\"><strong><a style=\"color: #666699;\" href=\"https:\/\/pamatskola.bauska.lv\/wp-content\/uploads\/2022\/11\/Bauskas-pilsetas-pamatskolas-karjeras-izglitibas-programma-2020.2025.pdf\">KARJERAS PROGRAMMA<\/a><\/strong><\/span><\/td>\n<\/tr>\n<tr style=\"height: 23px;\">\n<td style=\"width: 22.8571%; height: 23px; border-style: groove; border-color: #337ec4; text-align: center;\"><a style=\"color: #ff6600;\" href=\"http:\/\/www.profesijupasaule.lv\/\"><span style=\"font-family: 'trebuchet ms', geneva, sans-serif; font-size: 14pt;\"><strong>PROFESIJU PASAULE<\/strong><\/span><\/a><\/td>\n<td style=\"width: 22.449%; height: 23px; border-style: groove; border-color: #337ec4; text-align: center;\"><a href=\"https:\/\/pamatskola.bauska.lv\/wp-content\/uploads\/2020\/12\/VISP%C4%80R%C4%92J%C4%80-VID%C4%92J%C4%80-IZGL%C4%AAT%C4%AABA.pdf\"><strong style=\"font-family: 'trebuchet ms', geneva, sans-serif; font-size: 18.6667px; text-align: center;\"><span style=\"color: #3366ff;\"><span style=\"color: #800080;\">M\u0100C\u012aBU IEST\u0100DES TEV TUVUM\u0100<\/span><\/span><\/strong><\/a><\/td>\n<td style=\"width: 27.3469%; height: 23px; border-style: groove; border-color: #337ec4; text-align: center;\"><a href=\"https:\/\/karjerasmateriali.lv\/metodiskie-materiali-karjeras-attistibai\/\"><span style=\"font-family: 'trebuchet ms', geneva, sans-serif; font-size: 14pt;\"><strong><span style=\"color: #3366ff;\">SKOLOT\u0100JIEM<\/span><\/strong><\/span><\/a><\/td>\n<td style=\"width: 39.7959%; height: 23px; border-style: groove; border-color: #337ec4; text-align: center;\"><a style=\"color: #c7ac26;\" href=\"https:\/\/parprof.lv\/\"><span style=\"font-family: 'trebuchet ms', geneva, sans-serif; font-size: 14pt;\"><strong>SP\u0112LE <\/strong><\/span><\/a><\/p>\n<p><a style=\"color: #c7ac26;\" href=\"https:\/\/parprof.lv\/\"><span style=\"font-family: 'trebuchet ms', geneva, sans-serif; font-size: 14pt;\"><strong>&#8220;K\u0100 K\u013b\u016aT PAR PROFESION\u0100LI?&#8221; (3.-6.KL.)<\/strong><\/span><\/a><\/td>\n<\/tr>\n<\/tbody>\n<\/table>\n","protected":false},"excerpt":{"rendered":"<p>KAS IR KARJERA ? KARJERAS KONSULTANTS SKOL\u0100 VEC\u0100KIEM KARJERAS PROGRAMMA PROFESIJU PASAULE M\u0100C\u012aBU IEST\u0100DES TEV TUVUM\u0100 SKOLOT\u0100JIEM SP\u0112LE &#8220;K\u0100 K\u013b\u016aT PAR PROFESION\u0100LI?&#8221; (3.-6.KL.)<\/p>\n","protected":false},"author":1,"featured_media":0,"parent":0,"menu_order":0,"comment_status":"closed","ping_status":"closed","template":"","meta":{"footnotes":""},"_links":{"self":[{"href":"https:\/\/pamatskola.bauska.lv\/index.php?rest_route=\/wp\/v2\/pages\/10515"}],"collection":[{"href":"https:\/\/pamatskola.bauska.lv\/index.php?rest_route=\/wp\/v2\/pages"}],"about":[{"href":"https:\/\/pamatskola.bauska.lv\/index.php?rest_route=\/wp\/v2\/types\/page"}],"author":[{"embeddable":true,"href":"https:\/\/pamatskola.bauska.lv\/index.php?rest_route=\/wp\/v2\/users\/1"}],"replies":[{"embeddable":true,"href":"https:\/\/pamatskola.bauska.lv\/index.php?rest_route=%2Fwp%2Fv2%2Fcomments&post=10515"}],"version-history":[{"count":42,"href":"https:\/\/pamatskola.bauska.lv\/index.php?rest_route=\/wp\/v2\/pages\/10515\/revisions"}],"predecessor-version":[{"id":13959,"href":"https:\/\/pamatskola.bauska.lv\/index.php?rest_route=\/wp\/v2\/pages\/10515\/revisions\/13959"}],"wp:attachment":[{"href":"https:\/\/pamatskola.bauska.lv\/index.php?rest_route=%2Fwp%2Fv2%2Fmedia&parent=10515"}],"curies":[{"name":"wp","href":"https:\/\/api.w.org\/{rel}","templated":true}]}}