{"id":12581,"date":"2023-03-31T11:40:46","date_gmt":"2023-03-31T08:40:46","guid":{"rendered":"https:\/\/pamatskola.bauska.lv\/?page_id=12581"},"modified":"2026-05-11T10:58:48","modified_gmt":"2026-05-11T07:58:48","slug":"tirgus-izpete","status":"publish","type":"page","link":"https:\/\/pamatskola.bauska.lv\/?page_id=12581","title":{"rendered":"Tirgus izp\u0113te"},"content":{"rendered":"<p><strong><span style=\"color: #000080;\">CENU APTAUJAS UN TO REZULT\u0100TI<\/span><\/strong><\/p>\n<p><a href=\"https:\/\/pamatskola.bauska.lv\/wp-content\/uploads\/2026\/03\/Cenu-aptauja-par-solu-iegadi.docx\">Cenu aptauja par solu ieg\u0101di<\/a><\/p>\n<p><a href=\"https:\/\/pamatskola.bauska.lv\/wp-content\/uploads\/2026\/03\/Zinojums-par-solu-iegadi.doc\">Zi\u0146ojums par solu ieg\u0101di<\/a><\/p>\n<p><a href=\"https:\/\/pamatskola.bauska.lv\/wp-content\/uploads\/2026\/05\/Cenu-aptauja_2026_interaktivais-displejs.doc\"><span style=\"color: #800000;\"><strong>Cenu aptauja par interakt\u012bv\u0101 displeja ieg\u0101di\u00a0<\/strong><\/span><\/a><\/p>\n<p>&nbsp;<\/p>\n<p>&nbsp;<\/p>\n<p><span style=\"font-family: 'arial black', sans-serif;\">\u00a0<\/span><\/p>\n<p>&nbsp;<\/p>\n","protected":false},"excerpt":{"rendered":"<p>CENU APTAUJAS UN TO REZULT\u0100TI Cenu aptauja par solu ieg\u0101di Zi\u0146ojums par solu ieg\u0101di Cenu aptauja par interakt\u012bv\u0101 displeja ieg\u0101di\u00a0 &nbsp; &nbsp; \u00a0 &nbsp;<\/p>\n","protected":false},"author":1,"featured_media":0,"parent":0,"menu_order":0,"comment_status":"closed","ping_status":"closed","template":"","meta":{"footnotes":""},"_links":{"self":[{"href":"https:\/\/pamatskola.bauska.lv\/index.php?rest_route=\/wp\/v2\/pages\/12581"}],"collection":[{"href":"https:\/\/pamatskola.bauska.lv\/index.php?rest_route=\/wp\/v2\/pages"}],"about":[{"href":"https:\/\/pamatskola.bauska.lv\/index.php?rest_route=\/wp\/v2\/types\/page"}],"author":[{"embeddable":true,"href":"https:\/\/pamatskola.bauska.lv\/index.php?rest_route=\/wp\/v2\/users\/1"}],"replies":[{"embeddable":true,"href":"https:\/\/pamatskola.bauska.lv\/index.php?rest_route=%2Fwp%2Fv2%2Fcomments&post=12581"}],"version-history":[{"count":13,"href":"https:\/\/pamatskola.bauska.lv\/index.php?rest_route=\/wp\/v2\/pages\/12581\/revisions"}],"predecessor-version":[{"id":16293,"href":"https:\/\/pamatskola.bauska.lv\/index.php?rest_route=\/wp\/v2\/pages\/12581\/revisions\/16293"}],"wp:attachment":[{"href":"https:\/\/pamatskola.bauska.lv\/index.php?rest_route=%2Fwp%2Fv2%2Fmedia&parent=12581"}],"curies":[{"name":"wp","href":"https:\/\/api.w.org\/{rel}","templated":true}]}}