{"id":12877,"date":"2023-08-29T11:31:24","date_gmt":"2023-08-29T08:31:24","guid":{"rendered":"https:\/\/pamatskola.bauska.lv\/?page_id=12877"},"modified":"2023-08-29T11:31:24","modified_gmt":"2023-08-29T08:31:24","slug":"pieklustamibas-pazinojums","status":"publish","type":"page","link":"https:\/\/pamatskola.bauska.lv\/?page_id=12877","title":{"rendered":"Piek\u013c\u016bstam\u012bbas pazi\u0146ojums"},"content":{"rendered":"<p><a href=\"https:\/\/pamatskola.bauska.lv\/wp-content\/uploads\/2023\/08\/IZVERTESANAS-PROTOKOLS.xlsx\">IZV\u0112RT\u0112\u0160ANAS PROTOKOLS<\/a><\/p>\n","protected":false},"excerpt":{"rendered":"<p>IZV\u0112RT\u0112\u0160ANAS PROTOKOLS<\/p>\n","protected":false},"author":1,"featured_media":0,"parent":0,"menu_order":0,"comment_status":"closed","ping_status":"closed","template":"","meta":{"footnotes":""},"_links":{"self":[{"href":"https:\/\/pamatskola.bauska.lv\/index.php?rest_route=\/wp\/v2\/pages\/12877"}],"collection":[{"href":"https:\/\/pamatskola.bauska.lv\/index.php?rest_route=\/wp\/v2\/pages"}],"about":[{"href":"https:\/\/pamatskola.bauska.lv\/index.php?rest_route=\/wp\/v2\/types\/page"}],"author":[{"embeddable":true,"href":"https:\/\/pamatskola.bauska.lv\/index.php?rest_route=\/wp\/v2\/users\/1"}],"replies":[{"embeddable":true,"href":"https:\/\/pamatskola.bauska.lv\/index.php?rest_route=%2Fwp%2Fv2%2Fcomments&post=12877"}],"version-history":[{"count":1,"href":"https:\/\/pamatskola.bauska.lv\/index.php?rest_route=\/wp\/v2\/pages\/12877\/revisions"}],"predecessor-version":[{"id":12880,"href":"https:\/\/pamatskola.bauska.lv\/index.php?rest_route=\/wp\/v2\/pages\/12877\/revisions\/12880"}],"wp:attachment":[{"href":"https:\/\/pamatskola.bauska.lv\/index.php?rest_route=%2Fwp%2Fv2%2Fmedia&parent=12877"}],"curies":[{"name":"wp","href":"https:\/\/api.w.org\/{rel}","templated":true}]}}