{"id":2766,"date":"2014-11-10T11:22:02","date_gmt":"2014-11-10T09:22:02","guid":{"rendered":"http:\/\/pamatskola.bauska.lv\/?page_id=2766"},"modified":"2026-04-22T17:17:48","modified_gmt":"2026-04-22T14:17:48","slug":"sazinai","status":"publish","type":"page","link":"https:\/\/pamatskola.bauska.lv\/?page_id=2766","title":{"rendered":"Kontakti"},"content":{"rendered":"<p style=\"text-align: left;\" align=\"justify\">E-adreses sazi\u0146as kan\u0101ls:<\/p>\n<p style=\"text-align: left;\" align=\"justify\"><a href=\"https:\/\/latvija.lv\/lv\/Eaddress\/write?address=_default@90000033621\"><img loading=\"lazy\" decoding=\"async\" class=\"wp-image-10979 alignleft\" src=\"https:\/\/pamatskola.bauska.lv\/wp-content\/uploads\/2021\/10\/Simbols-e--150x150.png\" alt=\"\" width=\"70\" height=\"64\" srcset=\"https:\/\/pamatskola.bauska.lv\/wp-content\/uploads\/2021\/10\/Simbols-e--300x275.png 300w, https:\/\/pamatskola.bauska.lv\/wp-content\/uploads\/2021\/10\/Simbols-e-.png 416w\" sizes=\"(max-width: 70px) 100vw, 70px\" \/><\/a><\/p>\n<p><a href=\"https:\/\/pamatskola.bauska.lv\/wp-content\/uploads\/2021\/11\/1.png\" data-rel=\"lightbox-image-0\" data-rl_title=\"\" data-rl_caption=\"\" title=\"\"><img loading=\"lazy\" decoding=\"async\" class=\"wp-image-11007 size-medium alignleft\" src=\"https:\/\/pamatskola.bauska.lv\/wp-content\/uploads\/2021\/11\/1-300x75.png\" alt=\"\" width=\"300\" height=\"75\" srcset=\"https:\/\/pamatskola.bauska.lv\/wp-content\/uploads\/2021\/11\/1-300x75.png 300w, https:\/\/pamatskola.bauska.lv\/wp-content\/uploads\/2021\/11\/1.png 500w\" sizes=\"(max-width: 300px) 100vw, 300px\" \/><\/a><\/p>\n<p>&nbsp;<\/p>\n<p>&nbsp;<\/p>\n<p>&nbsp;<\/p>\n<p>Ja v\u0113laties uzdot jaut\u0101jumus skolas vad\u012bbai un speci\u0101listiem par m\u016bsu skolas m\u0101c\u012bbu procesu, ikdienu, k\u0101 ar\u012b izteikt priek\u0161likumus un ierosin\u0101jumus, sazi\u0146ai izmantojiet e-pastu!<\/p>\n<table style=\"width: 75.974%; height: 319px;\">\n<tbody>\n<tr style=\"border-bottom: solid 1px #d1d1d1;\">\n<td style=\"width: 51.8834%; height: 23px;\"><strong>Direktore Evita Zelti\u0146a &#8211; K\u013cavi\u0146a<\/strong><\/td>\n<td style=\"color: #0563c1; padding-left: 20px; width: 69.6209%; height: 23px;\"><a href=\"mailto:pamatskola@bauska.lv\"><span style=\"color: #3366ff;\"><strong>bauska.pamatskola@bauskasnovads.lv<\/strong><\/span><\/a><\/p>\n<p>tel. 26328363<\/td>\n<\/tr>\n<tr style=\"border-bottom: solid 1px #d1d1d1;\">\n<td style=\"width: 51.8834%; height: 47px;\"><strong>Direktora vietniece izgl\u012bt\u012bbas jom\u0101<\/strong><\/p>\n<p><strong>Maruta Korpa<\/strong><\/td>\n<td style=\"color: #0563c1; padding-left: 20px; width: 69.6209%; height: 47px;\">&nbsp;<\/p>\n<p>&nbsp;<\/p>\n<p>&nbsp;<\/p>\n<p><a href=\"mailto:maruta.korpa@bauskasnovads.lv\"><span style=\"color: #3366ff;\"><strong>maruta.korpa@bauskasnovads.lv<\/strong><\/span><\/a><\/p>\n<p>&nbsp;<\/td>\n<\/tr>\n<tr style=\"border-bottom: solid 1px #d1d1d1;\">\n<td style=\"width: 51.8834%; height: 47px;\"><strong>Direktora vietniece izgl\u012bt\u012bbas jom\u0101<\/strong><\/p>\n<p><strong>Iveta Semjonova<\/strong><\/td>\n<td style=\"color: #0563c1; padding-left: 20px; width: 69.6209%; height: 47px;\">&nbsp;<\/p>\n<p><a href=\"mailto:iveta.semjonova@bauska.lv\"><strong><span style=\"color: #3366ff;\">iveta.semjonova@bauskasnovads.lv<\/span><\/strong><\/a><\/td>\n<\/tr>\n<tr style=\"border-bottom: solid 1px #d1d1d1;\">\n<td style=\"width: 51.8834%; height: 192px;\"><strong><span style=\"text-decoration: underline;\">Atbalsts skol\u0113niem<\/span><\/strong><\/p>\n<p>Skolot\u0101ja pal\u012bgi:<\/p>\n<p>Gunta Spure<\/p>\n<p>Logop\u0113de Vita Luk\u0161a<\/p>\n<p>&nbsp;<\/p>\n<p>&nbsp;<\/td>\n<td style=\"color: #0563c1; padding-left: 20px; width: 69.6209%; height: 192px;\">&nbsp;<\/p>\n<p>&nbsp;<\/p>\n<p><a href=\"mailto:gunta.spure@inbox.lv\"><strong><span style=\"color: #3366ff;\">gunta.spure@inbox.lv<\/span><\/strong><\/a><\/p>\n<p><strong><span style=\"color: #3366ff;\"><a style=\"color: #3366ff;\" href=\"mailto:vitaluksa2@inbox.lv\">vitaluksa2@inbox.lv<\/a><\/span><\/strong><\/p>\n<p>&nbsp;<\/p>\n<p>&nbsp;<\/td>\n<\/tr>\n<tr style=\"border-bottom: solid 1px #d1d1d1;\">\n<td style=\"width: 51.8834%; height: 10px;\"><\/td>\n<td style=\"color: #0563c1; padding-left: 20px; width: 69.6209%; height: 10px;\"><\/td>\n<\/tr>\n<\/tbody>\n<\/table>\n<p>Uz J\u016bsu v\u0113stul\u0113m cent\u012bsimies atbild\u0113t 3 darba dienu laik\u0101.<\/p>\n<p><a href=\"https:\/\/pamatskola.bauska.lv\/wp-content\/uploads\/2021\/11\/3.png\" data-rel=\"lightbox-image-1\" data-rl_title=\"\" data-rl_caption=\"\" title=\"\"><img loading=\"lazy\" decoding=\"async\" class=\"wp-image-11009 size-medium alignright\" src=\"https:\/\/pamatskola.bauska.lv\/wp-content\/uploads\/2021\/11\/3-300x75.png\" alt=\"\" width=\"300\" height=\"75\" srcset=\"https:\/\/pamatskola.bauska.lv\/wp-content\/uploads\/2021\/11\/3-300x75.png 300w, https:\/\/pamatskola.bauska.lv\/wp-content\/uploads\/2021\/11\/3.png 500w\" sizes=\"(max-width: 300px) 100vw, 300px\" \/><\/a><\/p>\n<p><a href=\"https:\/\/pamatskola.bauska.lv\/wp-content\/uploads\/2021\/11\/2.png\" data-rel=\"lightbox-image-2\" data-rl_title=\"\" data-rl_caption=\"\" title=\"\"><img loading=\"lazy\" decoding=\"async\" class=\"wp-image-11008 size-medium alignright\" src=\"https:\/\/pamatskola.bauska.lv\/wp-content\/uploads\/2021\/11\/2-300x75.png\" alt=\"\" width=\"300\" height=\"75\" srcset=\"https:\/\/pamatskola.bauska.lv\/wp-content\/uploads\/2021\/11\/2-300x75.png 300w, https:\/\/pamatskola.bauska.lv\/wp-content\/uploads\/2021\/11\/2.png 500w\" sizes=\"(max-width: 300px) 100vw, 300px\" \/><\/a><\/p>\n<p>&nbsp;<\/p>\n<p>&nbsp;<\/p>\n<p>&nbsp;<\/p>\n","protected":false},"excerpt":{"rendered":"<p>E-adreses sazi\u0146as kan\u0101ls: &nbsp; &nbsp; &nbsp; Ja v\u0113laties uzdot jaut\u0101jumus skolas vad\u012bbai un speci\u0101listiem par m\u016bsu skolas m\u0101c\u012bbu procesu, ikdienu, k\u0101 ar\u012b izteikt priek\u0161likumus un ierosin\u0101jumus, sazi\u0146ai izmantojiet e-pastu! Direktore Evita Zelti\u0146a &#8211; K\u013cavi\u0146a bauska.pamatskola@bauskasnovads.lv tel. 26328363 Direktora vietniece izgl\u012bt\u012bbas jom\u0101 Maruta Korpa &nbsp; &nbsp; &nbsp; maruta.korpa@bauskasnovads.lv &nbsp; Direktora vietniece izgl\u012bt\u012bbas jom\u0101 Iveta Semjonova &nbsp; &hellip; <a href=\"https:\/\/pamatskola.bauska.lv\/?page_id=2766\">Uz rakstu <span class=\"meta-nav\">&rarr;<\/span><\/a><\/p>\n","protected":false},"author":1,"featured_media":0,"parent":0,"menu_order":6,"comment_status":"closed","ping_status":"open","template":"template-full-width.php","meta":{"footnotes":""},"_links":{"self":[{"href":"https:\/\/pamatskola.bauska.lv\/index.php?rest_route=\/wp\/v2\/pages\/2766"}],"collection":[{"href":"https:\/\/pamatskola.bauska.lv\/index.php?rest_route=\/wp\/v2\/pages"}],"about":[{"href":"https:\/\/pamatskola.bauska.lv\/index.php?rest_route=\/wp\/v2\/types\/page"}],"author":[{"embeddable":true,"href":"https:\/\/pamatskola.bauska.lv\/index.php?rest_route=\/wp\/v2\/users\/1"}],"replies":[{"embeddable":true,"href":"https:\/\/pamatskola.bauska.lv\/index.php?rest_route=%2Fwp%2Fv2%2Fcomments&post=2766"}],"version-history":[{"count":59,"href":"https:\/\/pamatskola.bauska.lv\/index.php?rest_route=\/wp\/v2\/pages\/2766\/revisions"}],"predecessor-version":[{"id":16226,"href":"https:\/\/pamatskola.bauska.lv\/index.php?rest_route=\/wp\/v2\/pages\/2766\/revisions\/16226"}],"wp:attachment":[{"href":"https:\/\/pamatskola.bauska.lv\/index.php?rest_route=%2Fwp%2Fv2%2Fmedia&parent=2766"}],"curies":[{"name":"wp","href":"https:\/\/api.w.org\/{rel}","templated":true}]}}