{"id":655,"date":"2013-09-10T07:01:54","date_gmt":"2013-09-10T05:01:54","guid":{"rendered":"http:\/\/pamatskola.wordpress.com\/?page_id=1"},"modified":"2024-09-03T12:43:38","modified_gmt":"2024-09-03T09:43:38","slug":"about-2","status":"publish","type":"page","link":"https:\/\/pamatskola.bauska.lv\/?page_id=655","title":{"rendered":"Par mums"},"content":{"rendered":"<p style=\"text-align: right;\"><span style=\"color: #ff9900;\"><strong>B\u0113rn\u012bba ir v\u0101r\u012bgs st\u0101di\u0146\u0161,<br \/>\nkas bez balsta nevar augt.<br \/>\n\/P. B\u0101rda\/<\/strong><\/span><\/p>\n<p style=\"text-align: justify;\"><span style=\"color: #800080;\">BAUSKAS PILS\u0112TAS PAMATSKOLA ir akredit\u0113ta visp\u0101r\u0113j\u0101s pamatizgl\u012bt\u012bbas m\u0101c\u012bbu iest\u0101de, kas \u012bsteno pamatizgl\u012bt\u012bbas PROGRAMMU un speci\u0101lo pamatizgl\u012bt\u012bbas programmu izgl\u012btojamajiem ar m\u0101c\u012b\u0161an\u0101s trauc\u0113jumiem. Skolas direktors kop\u0161 2009.gada ir J\u0101nis Rumba, direktora vietnieces izgl\u012bt\u012bbas jom\u0101 ir Iveta Semjonova un Maruta Korpa. Skol\u0101 2024.\/25.m.g. m\u0101c\u0101s nek\u0101 291\u00a0 skol\u0113ns, str\u0101d\u0101 39 PEDAGO\u0122ISKIE DARBINIEKI. ATBALSTU skol\u0113niem\u00a0 sniedz skolot\u0101ja pal\u012bgi Iveta Memmena, Gunta Spure un Maira Bi\u013c\u016bna, logop\u0113de Vita Luk\u0161a, psiholo\u0123e Benita Svareniece un medm\u0101sa Airisa Balode. Visiem skol\u0113niem ir nodro\u0161in\u0101tas BR\u012aVPUSDIENAS. 1.\u20134. kla\u0161u audz\u0113k\u0146iem t\u0101s finans\u0113 valsts, 5.\u20139. kla\u0161u izgl\u012btojamajiem \u2013 Bauskas novada dome.<\/span><\/p>\n<p style=\"text-align: justify;\"><span style=\"color: #800080;\">\u00a0M\u0101c\u012bbu un \u0101rpusstundu darb\u0101\u00a0 tiek izmantotas INFORM\u0100CIJAS TEHNOLO\u0122IJAS, kabineti nodro\u0161in\u0101ti ar datoriem, projektoriem, interakt\u012bvaj\u0101m t\u0101fel\u0113m. Skol\u0101 str\u0101d\u0101 ar \u201eE-klases\u201d \u017eurn\u0101lu. Kop\u012bgiem sp\u0113kiem tiek g\u0101d\u0101ts par est\u0113tisku, m\u016bsdien\u012bgu vidi.<\/span><\/p>\n<p><span style=\"color: #800080;\">LEPOJAMIES ar audz\u0113k\u0146iem, kuri pielieto skol\u0101 g\u016bt\u0101s zin\u0101\u0161anas un g\u016bst godalgotas vietas m\u0101c\u012bbu priek\u0161metu olimpi\u0101d\u0113s, konkursos un skat\u0113s, sekm\u012bgi turpina m\u0101c\u012bbas cit\u0101s m\u0101c\u012bbu iest\u0101d\u0113s.<\/span><\/p>\n<p style=\"text-align: justify;\"><span style=\"color: #800080;\">N\u0101kamie skolas audz\u0113k\u0146i ar izgl\u012bt\u012bbas iest\u0101di un m\u0101c\u012bbu procesu var iepaz\u012bties, apmekl\u0113jot ATV\u0112RTO DURVJU DIENAS.<\/span><\/p>\n<p style=\"text-align: justify;\"><span style=\"color: #800080;\">Lai sevi rado\u0161i pilnveidotu, skol\u0113ni iesaist\u0101s da\u017e\u0101d\u0101s INTERE\u0160U GRUP\u0100S. Skol\u0101 darbojas 1.-4. un 5.-9.kla\u0161u koris, z\u0113nu ansamblis, 1.-2.kla\u0161u ansamblis, tr\u012bs deju kopas, m\u0101jtur\u012bbas un tehnolo\u0123iju,\u00a0 lieti\u0161\u0137\u0101s un vizu\u0101l\u0101s m\u0101kslas grupas, skatuves runas , sporta un vides intere\u0161u grupas.<\/span><\/p>\n<p><span style=\"color: #800080;\">Daudzveid\u012bgajos \u0101rpusstundu pas\u0101kumos atkl\u0101jas skolot\u0101ju un skol\u0113nu rado\u0161ums, kas p\u0101rtapis\u00a0 skolas TRAD\u012aCIJ\u0100S. L\u016bk, da\u017eas no t\u0101m: gadsk\u0101rtu iera\u017eas, Valsts sv\u0113tku pas\u0101kumi, Baltais koncerts Ziemassv\u0113tkos, m\u0101c\u012bbu priek\u0161metu ned\u0113\u013cas,\u00a0 M\u0101tes dienas un intere\u0161u grupu koncerts pavasar\u012b, pagalmu sv\u0113tki vecpils\u0113t\u0101, labdar\u012bbas pas\u0101kumi skol\u0101 un novad\u0101, sadraudz\u012bbas pas\u0101kumi ar cit\u0101m skol\u0101m Latvij\u0101 un Lietuv\u0101, lab\u0101ko audz\u0113k\u0146u un skolot\u0101ju godin\u0101\u0161ana m\u0101c\u012bbu gada nosl\u0113gum\u0101.<\/span><\/p>\n<p style=\"text-align: center;\"><span style=\"color: #ff9900;\"><strong>Skolot\u0101ji 2024.gada 2.septembr\u012b<\/strong><\/span><\/p>\n<p><a href=\"https:\/\/pamatskola.bauska.lv\/wp-content\/uploads\/2024\/09\/20240902_115320-1.jpg\" data-rel=\"lightbox-image-0\" data-rl_title=\"\" data-rl_caption=\"\" title=\"\"><img loading=\"lazy\" decoding=\"async\" class=\"alignnone wp-image-13964 size-full\" src=\"https:\/\/pamatskola.bauska.lv\/wp-content\/uploads\/2024\/09\/20240902_115320-1.jpg\" alt=\"\" width=\"1000\" height=\"460\" srcset=\"https:\/\/pamatskola.bauska.lv\/wp-content\/uploads\/2024\/09\/20240902_115320-1.jpg 1000w, https:\/\/pamatskola.bauska.lv\/wp-content\/uploads\/2024\/09\/20240902_115320-1-300x138.jpg 300w, https:\/\/pamatskola.bauska.lv\/wp-content\/uploads\/2024\/09\/20240902_115320-1-768x353.jpg 768w\" sizes=\"(max-width: 1000px) 100vw, 1000px\" \/><\/a><\/p>\n<p>&nbsp;<\/p>\n<p>&nbsp;<\/p>\n<p>&nbsp;<\/p>\n<p style=\"text-align: center;\">\n","protected":false},"excerpt":{"rendered":"<p>B\u0113rn\u012bba ir v\u0101r\u012bgs st\u0101di\u0146\u0161, kas bez balsta nevar augt. \/P. B\u0101rda\/ BAUSKAS PILS\u0112TAS PAMATSKOLA ir akredit\u0113ta visp\u0101r\u0113j\u0101s pamatizgl\u012bt\u012bbas m\u0101c\u012bbu iest\u0101de, kas \u012bsteno pamatizgl\u012bt\u012bbas PROGRAMMU un speci\u0101lo pamatizgl\u012bt\u012bbas programmu izgl\u012btojamajiem ar m\u0101c\u012b\u0161an\u0101s trauc\u0113jumiem. Skolas direktors kop\u0161 2009.gada ir J\u0101nis Rumba, direktora vietnieces izgl\u012bt\u012bbas jom\u0101 ir Iveta Semjonova un Maruta Korpa. Skol\u0101 2024.\/25.m.g. m\u0101c\u0101s nek\u0101 291\u00a0 skol\u0113ns, &hellip; <a href=\"https:\/\/pamatskola.bauska.lv\/?page_id=655\">Uz rakstu <span class=\"meta-nav\">&rarr;<\/span><\/a><\/p>\n","protected":false},"author":1,"featured_media":0,"parent":0,"menu_order":1,"comment_status":"closed","ping_status":"closed","template":"template-full-width.php","meta":{"footnotes":""},"_links":{"self":[{"href":"https:\/\/pamatskola.bauska.lv\/index.php?rest_route=\/wp\/v2\/pages\/655"}],"collection":[{"href":"https:\/\/pamatskola.bauska.lv\/index.php?rest_route=\/wp\/v2\/pages"}],"about":[{"href":"https:\/\/pamatskola.bauska.lv\/index.php?rest_route=\/wp\/v2\/types\/page"}],"author":[{"embeddable":true,"href":"https:\/\/pamatskola.bauska.lv\/index.php?rest_route=\/wp\/v2\/users\/1"}],"replies":[{"embeddable":true,"href":"https:\/\/pamatskola.bauska.lv\/index.php?rest_route=%2Fwp%2Fv2%2Fcomments&post=655"}],"version-history":[{"count":34,"href":"https:\/\/pamatskola.bauska.lv\/index.php?rest_route=\/wp\/v2\/pages\/655\/revisions"}],"predecessor-version":[{"id":13965,"href":"https:\/\/pamatskola.bauska.lv\/index.php?rest_route=\/wp\/v2\/pages\/655\/revisions\/13965"}],"wp:attachment":[{"href":"https:\/\/pamatskola.bauska.lv\/index.php?rest_route=%2Fwp%2Fv2%2Fmedia&parent=655"}],"curies":[{"name":"wp","href":"https:\/\/api.w.org\/{rel}","templated":true}]}}